{"id":5730,"date":"2022-01-21T10:43:03","date_gmt":"2022-01-21T09:43:03","guid":{"rendered":"https:\/\/villas-rab.com\/informacije\/"},"modified":"2022-06-02T13:25:33","modified_gmt":"2022-06-02T11:25:33","slug":"informationen","status":"publish","type":"page","link":"https:\/\/villas-rab.com\/de\/informationen\/","title":{"rendered":"Informationen"},"content":{"rendered":"","protected":false},"excerpt":{"rendered":"","protected":false},"author":1,"featured_media":0,"parent":0,"menu_order":0,"comment_status":"closed","ping_status":"closed","template":"","meta":{"footnotes":""},"yoast_head":"<!-- This site is optimized with the Yoast SEO plugin v18.8 - https:\/\/yoast.com\/wordpress\/plugins\/seo\/ -->\n<title>Informationen - Rab Verkehr, F\u00e4hren und Stra\u00dfen | Villas Rab<\/title>\n<meta name=\"description\" content=\"Informationen \u00fcber Rab Verkehr, F\u00e4hren. Verkehrsanbindung durch Katamarane und F\u00e4hren. Entfernungen von Villas Rab zu St\u00e4dten und Stra\u00dfenverbindungen.\" \/>\n<meta name=\"robots\" content=\"index, follow, max-snippet:-1, max-image-preview:large, max-video-preview:-1\" \/>\n<link rel=\"canonical\" href=\"https:\/\/villas-rab.com\/de\/informationen\/\" \/>\n<meta property=\"og:locale\" content=\"de_DE\" \/>\n<meta property=\"og:type\" content=\"article\" \/>\n<meta property=\"og:title\" content=\"Informationen - Rab Verkehr, F\u00e4hren und Stra\u00dfen | Villas Rab\" \/>\n<meta property=\"og:description\" content=\"Informationen \u00fcber Rab Verkehr, F\u00e4hren. Verkehrsanbindung durch Katamarane und F\u00e4hren. Entfernungen von Villas Rab zu St\u00e4dten und Stra\u00dfenverbindungen.\" \/>\n<meta property=\"og:url\" content=\"https:\/\/villas-rab.com\/de\/informationen\/\" \/>\n<meta property=\"og:site_name\" content=\"Villas Rab\" \/>\n<meta property=\"article:modified_time\" content=\"2022-06-02T11:25:33+00:00\" \/>\n<meta name=\"twitter:card\" content=\"summary_large_image\" \/>\n<script type=\"application\/ld+json\" class=\"yoast-schema-graph\">{\"@context\":\"https:\/\/schema.org\",\"@graph\":[{\"@type\":\"Organization\",\"@id\":\"https:\/\/villas-rab.com\/#organization\",\"name\":\"Villas Rab\",\"url\":\"https:\/\/villas-rab.com\/\",\"sameAs\":[],\"logo\":{\"@type\":\"ImageObject\",\"inLanguage\":\"de-DE\",\"@id\":\"https:\/\/villas-rab.com\/#\/schema\/logo\/image\/\",\"url\":\"https:\/\/villas-rab.com\/wp-content\/uploads\/2022\/02\/Villas-Rab-logo.png\",\"contentUrl\":\"https:\/\/villas-rab.com\/wp-content\/uploads\/2022\/02\/Villas-Rab-logo.png\",\"width\":233,\"height\":80,\"caption\":\"Villas Rab\"},\"image\":{\"@id\":\"https:\/\/villas-rab.com\/#\/schema\/logo\/image\/\"}},{\"@type\":\"WebSite\",\"@id\":\"https:\/\/villas-rab.com\/#website\",\"url\":\"https:\/\/villas-rab.com\/\",\"name\":\"Villas Rab\",\"description\":\"Samo jo\u0161 jedna WordPress web-stranica\",\"publisher\":{\"@id\":\"https:\/\/villas-rab.com\/#organization\"},\"potentialAction\":[{\"@type\":\"SearchAction\",\"target\":{\"@type\":\"EntryPoint\",\"urlTemplate\":\"https:\/\/villas-rab.com\/?s={search_term_string}\"},\"query-input\":\"required name=search_term_string\"}],\"inLanguage\":\"de-DE\"},{\"@type\":\"WebPage\",\"@id\":\"https:\/\/villas-rab.com\/de\/informationen\/#webpage\",\"url\":\"https:\/\/villas-rab.com\/de\/informationen\/\",\"name\":\"Informationen - Rab Verkehr, F\u00e4hren und Stra\u00dfen | Villas Rab\",\"isPartOf\":{\"@id\":\"https:\/\/villas-rab.com\/#website\"},\"datePublished\":\"2022-01-21T09:43:03+00:00\",\"dateModified\":\"2022-06-02T11:25:33+00:00\",\"description\":\"Informationen \u00fcber Rab Verkehr, F\u00e4hren. Verkehrsanbindung durch Katamarane und F\u00e4hren. Entfernungen von Villas Rab zu St\u00e4dten und Stra\u00dfenverbindungen.\",\"breadcrumb\":{\"@id\":\"https:\/\/villas-rab.com\/de\/informationen\/#breadcrumb\"},\"inLanguage\":\"de-DE\",\"potentialAction\":[{\"@type\":\"ReadAction\",\"target\":[\"https:\/\/villas-rab.com\/de\/informationen\/\"]}]},{\"@type\":\"BreadcrumbList\",\"@id\":\"https:\/\/villas-rab.com\/de\/informationen\/#breadcrumb\",\"itemListElement\":[{\"@type\":\"ListItem\",\"position\":1,\"name\":\"Po\u010detna stranica\",\"item\":\"https:\/\/villas-rab.com\/de\/\"},{\"@type\":\"ListItem\",\"position\":2,\"name\":\"Informationen\"}]}]}<\/script>\n<!-- \/ Yoast SEO plugin. -->","yoast_head_json":{"title":"Informationen - Rab Verkehr, F\u00e4hren und Stra\u00dfen | Villas Rab","description":"Informationen \u00fcber Rab Verkehr, F\u00e4hren. Verkehrsanbindung durch Katamarane und F\u00e4hren. Entfernungen von Villas Rab zu St\u00e4dten und Stra\u00dfenverbindungen.","robots":{"index":"index","follow":"follow","max-snippet":"max-snippet:-1","max-image-preview":"max-image-preview:large","max-video-preview":"max-video-preview:-1"},"canonical":"https:\/\/villas-rab.com\/de\/informationen\/","og_locale":"de_DE","og_type":"article","og_title":"Informationen - Rab Verkehr, F\u00e4hren und Stra\u00dfen | Villas Rab","og_description":"Informationen \u00fcber Rab Verkehr, F\u00e4hren. Verkehrsanbindung durch Katamarane und F\u00e4hren. Entfernungen von Villas Rab zu St\u00e4dten und Stra\u00dfenverbindungen.","og_url":"https:\/\/villas-rab.com\/de\/informationen\/","og_site_name":"Villas Rab","article_modified_time":"2022-06-02T11:25:33+00:00","twitter_card":"summary_large_image","schema":{"@context":"https:\/\/schema.org","@graph":[{"@type":"Organization","@id":"https:\/\/villas-rab.com\/#organization","name":"Villas Rab","url":"https:\/\/villas-rab.com\/","sameAs":[],"logo":{"@type":"ImageObject","inLanguage":"de-DE","@id":"https:\/\/villas-rab.com\/#\/schema\/logo\/image\/","url":"https:\/\/villas-rab.com\/wp-content\/uploads\/2022\/02\/Villas-Rab-logo.png","contentUrl":"https:\/\/villas-rab.com\/wp-content\/uploads\/2022\/02\/Villas-Rab-logo.png","width":233,"height":80,"caption":"Villas Rab"},"image":{"@id":"https:\/\/villas-rab.com\/#\/schema\/logo\/image\/"}},{"@type":"WebSite","@id":"https:\/\/villas-rab.com\/#website","url":"https:\/\/villas-rab.com\/","name":"Villas Rab","description":"Samo jo\u0161 jedna WordPress web-stranica","publisher":{"@id":"https:\/\/villas-rab.com\/#organization"},"potentialAction":[{"@type":"SearchAction","target":{"@type":"EntryPoint","urlTemplate":"https:\/\/villas-rab.com\/?s={search_term_string}"},"query-input":"required name=search_term_string"}],"inLanguage":"de-DE"},{"@type":"WebPage","@id":"https:\/\/villas-rab.com\/de\/informationen\/#webpage","url":"https:\/\/villas-rab.com\/de\/informationen\/","name":"Informationen - Rab Verkehr, F\u00e4hren und Stra\u00dfen | Villas Rab","isPartOf":{"@id":"https:\/\/villas-rab.com\/#website"},"datePublished":"2022-01-21T09:43:03+00:00","dateModified":"2022-06-02T11:25:33+00:00","description":"Informationen \u00fcber Rab Verkehr, F\u00e4hren. Verkehrsanbindung durch Katamarane und F\u00e4hren. Entfernungen von Villas Rab zu St\u00e4dten und Stra\u00dfenverbindungen.","breadcrumb":{"@id":"https:\/\/villas-rab.com\/de\/informationen\/#breadcrumb"},"inLanguage":"de-DE","potentialAction":[{"@type":"ReadAction","target":["https:\/\/villas-rab.com\/de\/informationen\/"]}]},{"@type":"BreadcrumbList","@id":"https:\/\/villas-rab.com\/de\/informationen\/#breadcrumb","itemListElement":[{"@type":"ListItem","position":1,"name":"Po\u010detna stranica","item":"https:\/\/villas-rab.com\/de\/"},{"@type":"ListItem","position":2,"name":"Informationen"}]}]}},"_links":{"self":[{"href":"https:\/\/villas-rab.com\/de\/wp-json\/wp\/v2\/pages\/5730"}],"collection":[{"href":"https:\/\/villas-rab.com\/de\/wp-json\/wp\/v2\/pages"}],"about":[{"href":"https:\/\/villas-rab.com\/de\/wp-json\/wp\/v2\/types\/page"}],"author":[{"embeddable":true,"href":"https:\/\/villas-rab.com\/de\/wp-json\/wp\/v2\/users\/1"}],"replies":[{"embeddable":true,"href":"https:\/\/villas-rab.com\/de\/wp-json\/wp\/v2\/comments?post=5730"}],"version-history":[{"count":2,"href":"https:\/\/villas-rab.com\/de\/wp-json\/wp\/v2\/pages\/5730\/revisions"}],"predecessor-version":[{"id":14393,"href":"https:\/\/villas-rab.com\/de\/wp-json\/wp\/v2\/pages\/5730\/revisions\/14393"}],"wp:attachment":[{"href":"https:\/\/villas-rab.com\/de\/wp-json\/wp\/v2\/media?parent=5730"}],"curies":[{"name":"wp","href":"https:\/\/api.w.org\/{rel}","templated":true}]}}