{"id":6063,"date":"2022-02-01T13:28:18","date_gmt":"2022-02-01T12:28:18","guid":{"rendered":"https:\/\/villas-rab.com\/otok-rab\/grad-rab\/"},"modified":"2022-05-09T10:52:55","modified_gmt":"2022-05-09T08:52:55","slug":"citta-di-rab","status":"publish","type":"page","link":"https:\/\/villas-rab.com\/it\/lisola-di-rab\/citta-di-rab\/","title":{"rendered":"Citt\u00e0 di Rab"},"content":{"rendered":"","protected":false},"excerpt":{"rendered":"","protected":false},"author":1,"featured_media":0,"parent":6020,"menu_order":1,"comment_status":"closed","ping_status":"closed","template":"","meta":{"footnotes":""},"yoast_head":"<!-- This site is optimized with the Yoast SEO plugin v18.8 - https:\/\/yoast.com\/wordpress\/plugins\/seo\/ -->\n<title>Destinazione della citt\u00e0 di Arbe, cosa visitare | Villas Rab<\/title>\n<meta name=\"description\" content=\"Citt\u00e0 di Arbe destinazione, cosa visitare, attrazioni. Informazioni sulla citt\u00e0 di Rab. Ricca offerta di ville con Villas Rab in Citt\u00e0 di Rab, Croazia.\" \/>\n<meta name=\"robots\" content=\"index, follow, max-snippet:-1, max-image-preview:large, max-video-preview:-1\" \/>\n<link rel=\"canonical\" href=\"https:\/\/villas-rab.com\/it\/lisola-di-rab\/citta-di-rab\/\" \/>\n<meta property=\"og:locale\" content=\"it_IT\" \/>\n<meta property=\"og:type\" content=\"article\" \/>\n<meta property=\"og:title\" content=\"Destinazione della citt\u00e0 di Arbe, cosa visitare | Villas Rab\" \/>\n<meta property=\"og:description\" content=\"Citt\u00e0 di Arbe destinazione, cosa visitare, attrazioni. Informazioni sulla citt\u00e0 di Rab. Ricca offerta di ville con Villas Rab in Citt\u00e0 di Rab, Croazia.\" \/>\n<meta property=\"og:url\" content=\"https:\/\/villas-rab.com\/it\/lisola-di-rab\/citta-di-rab\/\" \/>\n<meta property=\"og:site_name\" content=\"Villas Rab\" \/>\n<meta property=\"article:modified_time\" content=\"2022-05-09T08:52:55+00:00\" \/>\n<meta name=\"twitter:card\" content=\"summary_large_image\" \/>\n<script type=\"application\/ld+json\" class=\"yoast-schema-graph\">{\"@context\":\"https:\/\/schema.org\",\"@graph\":[{\"@type\":\"Organization\",\"@id\":\"https:\/\/villas-rab.com\/#organization\",\"name\":\"Villas Rab\",\"url\":\"https:\/\/villas-rab.com\/\",\"sameAs\":[],\"logo\":{\"@type\":\"ImageObject\",\"inLanguage\":\"it-IT\",\"@id\":\"https:\/\/villas-rab.com\/#\/schema\/logo\/image\/\",\"url\":\"https:\/\/villas-rab.com\/wp-content\/uploads\/2022\/02\/Villas-Rab-logo.png\",\"contentUrl\":\"https:\/\/villas-rab.com\/wp-content\/uploads\/2022\/02\/Villas-Rab-logo.png\",\"width\":233,\"height\":80,\"caption\":\"Villas Rab\"},\"image\":{\"@id\":\"https:\/\/villas-rab.com\/#\/schema\/logo\/image\/\"}},{\"@type\":\"WebSite\",\"@id\":\"https:\/\/villas-rab.com\/#website\",\"url\":\"https:\/\/villas-rab.com\/\",\"name\":\"Villas Rab\",\"description\":\"Samo jo\u0161 jedna WordPress web-stranica\",\"publisher\":{\"@id\":\"https:\/\/villas-rab.com\/#organization\"},\"potentialAction\":[{\"@type\":\"SearchAction\",\"target\":{\"@type\":\"EntryPoint\",\"urlTemplate\":\"https:\/\/villas-rab.com\/?s={search_term_string}\"},\"query-input\":\"required name=search_term_string\"}],\"inLanguage\":\"it-IT\"},{\"@type\":\"WebPage\",\"@id\":\"https:\/\/villas-rab.com\/it\/lisola-di-rab\/citta-di-rab\/#webpage\",\"url\":\"https:\/\/villas-rab.com\/it\/lisola-di-rab\/citta-di-rab\/\",\"name\":\"Destinazione della citt\u00e0 di Arbe, cosa visitare | Villas Rab\",\"isPartOf\":{\"@id\":\"https:\/\/villas-rab.com\/#website\"},\"datePublished\":\"2022-02-01T12:28:18+00:00\",\"dateModified\":\"2022-05-09T08:52:55+00:00\",\"description\":\"Citt\u00e0 di Arbe destinazione, cosa visitare, attrazioni. Informazioni sulla citt\u00e0 di Rab. Ricca offerta di ville con Villas Rab in Citt\u00e0 di Rab, Croazia.\",\"breadcrumb\":{\"@id\":\"https:\/\/villas-rab.com\/it\/lisola-di-rab\/citta-di-rab\/#breadcrumb\"},\"inLanguage\":\"it-IT\",\"potentialAction\":[{\"@type\":\"ReadAction\",\"target\":[\"https:\/\/villas-rab.com\/it\/lisola-di-rab\/citta-di-rab\/\"]}]},{\"@type\":\"BreadcrumbList\",\"@id\":\"https:\/\/villas-rab.com\/it\/lisola-di-rab\/citta-di-rab\/#breadcrumb\",\"itemListElement\":[{\"@type\":\"ListItem\",\"position\":1,\"name\":\"Po\u010detna stranica\",\"item\":\"https:\/\/villas-rab.com\/it\/\"},{\"@type\":\"ListItem\",\"position\":2,\"name\":\"L&#8217;isola di Rab\",\"item\":\"https:\/\/villas-rab.com\/it\/lisola-di-rab\/\"},{\"@type\":\"ListItem\",\"position\":3,\"name\":\"Citt\u00e0 di Rab\"}]}]}<\/script>\n<!-- \/ Yoast SEO plugin. -->","yoast_head_json":{"title":"Destinazione della citt\u00e0 di Arbe, cosa visitare | Villas Rab","description":"Citt\u00e0 di Arbe destinazione, cosa visitare, attrazioni. Informazioni sulla citt\u00e0 di Rab. Ricca offerta di ville con Villas Rab in Citt\u00e0 di Rab, Croazia.","robots":{"index":"index","follow":"follow","max-snippet":"max-snippet:-1","max-image-preview":"max-image-preview:large","max-video-preview":"max-video-preview:-1"},"canonical":"https:\/\/villas-rab.com\/it\/lisola-di-rab\/citta-di-rab\/","og_locale":"it_IT","og_type":"article","og_title":"Destinazione della citt\u00e0 di Arbe, cosa visitare | Villas Rab","og_description":"Citt\u00e0 di Arbe destinazione, cosa visitare, attrazioni. Informazioni sulla citt\u00e0 di Rab. Ricca offerta di ville con Villas Rab in Citt\u00e0 di Rab, Croazia.","og_url":"https:\/\/villas-rab.com\/it\/lisola-di-rab\/citta-di-rab\/","og_site_name":"Villas Rab","article_modified_time":"2022-05-09T08:52:55+00:00","twitter_card":"summary_large_image","schema":{"@context":"https:\/\/schema.org","@graph":[{"@type":"Organization","@id":"https:\/\/villas-rab.com\/#organization","name":"Villas Rab","url":"https:\/\/villas-rab.com\/","sameAs":[],"logo":{"@type":"ImageObject","inLanguage":"it-IT","@id":"https:\/\/villas-rab.com\/#\/schema\/logo\/image\/","url":"https:\/\/villas-rab.com\/wp-content\/uploads\/2022\/02\/Villas-Rab-logo.png","contentUrl":"https:\/\/villas-rab.com\/wp-content\/uploads\/2022\/02\/Villas-Rab-logo.png","width":233,"height":80,"caption":"Villas Rab"},"image":{"@id":"https:\/\/villas-rab.com\/#\/schema\/logo\/image\/"}},{"@type":"WebSite","@id":"https:\/\/villas-rab.com\/#website","url":"https:\/\/villas-rab.com\/","name":"Villas Rab","description":"Samo jo\u0161 jedna WordPress web-stranica","publisher":{"@id":"https:\/\/villas-rab.com\/#organization"},"potentialAction":[{"@type":"SearchAction","target":{"@type":"EntryPoint","urlTemplate":"https:\/\/villas-rab.com\/?s={search_term_string}"},"query-input":"required name=search_term_string"}],"inLanguage":"it-IT"},{"@type":"WebPage","@id":"https:\/\/villas-rab.com\/it\/lisola-di-rab\/citta-di-rab\/#webpage","url":"https:\/\/villas-rab.com\/it\/lisola-di-rab\/citta-di-rab\/","name":"Destinazione della citt\u00e0 di Arbe, cosa visitare | Villas Rab","isPartOf":{"@id":"https:\/\/villas-rab.com\/#website"},"datePublished":"2022-02-01T12:28:18+00:00","dateModified":"2022-05-09T08:52:55+00:00","description":"Citt\u00e0 di Arbe destinazione, cosa visitare, attrazioni. Informazioni sulla citt\u00e0 di Rab. Ricca offerta di ville con Villas Rab in Citt\u00e0 di Rab, Croazia.","breadcrumb":{"@id":"https:\/\/villas-rab.com\/it\/lisola-di-rab\/citta-di-rab\/#breadcrumb"},"inLanguage":"it-IT","potentialAction":[{"@type":"ReadAction","target":["https:\/\/villas-rab.com\/it\/lisola-di-rab\/citta-di-rab\/"]}]},{"@type":"BreadcrumbList","@id":"https:\/\/villas-rab.com\/it\/lisola-di-rab\/citta-di-rab\/#breadcrumb","itemListElement":[{"@type":"ListItem","position":1,"name":"Po\u010detna stranica","item":"https:\/\/villas-rab.com\/it\/"},{"@type":"ListItem","position":2,"name":"L&#8217;isola di Rab","item":"https:\/\/villas-rab.com\/it\/lisola-di-rab\/"},{"@type":"ListItem","position":3,"name":"Citt\u00e0 di Rab"}]}]}},"_links":{"self":[{"href":"https:\/\/villas-rab.com\/it\/wp-json\/wp\/v2\/pages\/6063"}],"collection":[{"href":"https:\/\/villas-rab.com\/it\/wp-json\/wp\/v2\/pages"}],"about":[{"href":"https:\/\/villas-rab.com\/it\/wp-json\/wp\/v2\/types\/page"}],"author":[{"embeddable":true,"href":"https:\/\/villas-rab.com\/it\/wp-json\/wp\/v2\/users\/1"}],"replies":[{"embeddable":true,"href":"https:\/\/villas-rab.com\/it\/wp-json\/wp\/v2\/comments?post=6063"}],"version-history":[{"count":1,"href":"https:\/\/villas-rab.com\/it\/wp-json\/wp\/v2\/pages\/6063\/revisions"}],"predecessor-version":[{"id":14304,"href":"https:\/\/villas-rab.com\/it\/wp-json\/wp\/v2\/pages\/6063\/revisions\/14304"}],"up":[{"embeddable":true,"href":"https:\/\/villas-rab.com\/it\/wp-json\/wp\/v2\/pages\/6020"}],"wp:attachment":[{"href":"https:\/\/villas-rab.com\/it\/wp-json\/wp\/v2\/media?parent=6063"}],"curies":[{"name":"wp","href":"https:\/\/api.w.org\/{rel}","templated":true}]}}